{"id":2195,"date":"2019-03-12T21:28:28","date_gmt":"2019-03-12T21:28:28","guid":{"rendered":"https:\/\/lobc.se\/introduktion\/"},"modified":"2026-04-02T13:46:22","modified_gmt":"2026-04-02T11:46:22","slug":"introduction","status":"publish","type":"page","link":"https:\/\/lobc.se\/en\/introduction\/","title":{"rendered":"Introduction"},"content":{"rendered":"\t\t<div data-elementor-type=\"wp-page\" data-elementor-id=\"2195\" class=\"elementor elementor-2195 elementor-150\" data-elementor-post-type=\"page\">\n\t\t\t\t<div class=\"elementor-element elementor-element-6c5339cf e-con-full e-flex e-con e-parent\" data-id=\"6c5339cf\" data-element_type=\"container\" data-e-type=\"container\" data-settings=\"{&quot;background_background&quot;:&quot;classic&quot;}\">\n\t\t<div class=\"elementor-element elementor-element-5a10c5ed e-con-full e-flex e-con e-child\" data-id=\"5a10c5ed\" data-element_type=\"container\" data-e-type=\"container\">\n\t\t\t\t<div class=\"elementor-element elementor-element-773e1b20 elementor-widget elementor-widget-heading\" data-id=\"773e1b20\" data-element_type=\"widget\" data-e-type=\"widget\" data-widget_type=\"heading.default\">\n\t\t\t\t<div class=\"elementor-widget-container\">\n\t\t\t\t\t<p class=\"elementor-heading-title elementor-size-default\">Introduction<\/p>\t\t\t\t<\/div>\n\t\t\t\t<\/div>\n\t\t\t\t<div class=\"elementor-element elementor-element-1e67c938 elementor-widget elementor-widget-heading\" data-id=\"1e67c938\" data-element_type=\"widget\" data-e-type=\"widget\" data-widget_type=\"heading.default\">\n\t\t\t\t<div class=\"elementor-widget-container\">\n\t\t\t\t\t<h1 class=\"elementor-heading-title elementor-size-default\">This is Livets Ord Bible Center<\/h1>\t\t\t\t<\/div>\n\t\t\t\t<\/div>\n\t\t\t\t<div class=\"elementor-element elementor-element-7bdd7850 elementor-widget elementor-widget-text-editor\" data-id=\"7bdd7850\" data-element_type=\"widget\" data-e-type=\"widget\" data-widget_type=\"text-editor.default\">\n\t\t\t\t<div class=\"elementor-widget-container\">\n\t\t\t\t\t\t\t\t\t<p><strong>Livets Ord Bible Center is Scandinavia&#8217;s most popular Bible school, with over 10,000 graduated students. Here, Jesus is at the center, we preach the living Word of God, and we believe that the Holy Spirit wants to work through every believer.<\/strong><\/p><p>We believe that everything begins with prayer. That\u2019s why every day at LOBC starts at 08:30 with 45 minutes of prayer and worship \u2013 definitely a great way to start the day! After this, we split into three different classes: the first-year Swedish-speaking and international class, and the second-year class. The mornings consist of lessons covering relevant topics, well-grounded in the Word of God.<\/p><p>In some subjects, you will also have the opportunity to deepen your understanding by reading books written by well-known teachers and preachers. The official Bible school day ends at 11:50, but there is also the option to join the Prayer School, which starts at 12:30. Here, you will spend an hour praying for up-to-date prayer requests and spend time with Jesus.<\/p>\t\t\t\t\t\t\t\t<\/div>\n\t\t\t\t<\/div>\n\t\t\t\t<\/div>\n\t\t\t\t<div class=\"elementor-element elementor-element-2964ba36 elementor-widget__width-initial elementor-widget-tablet__width-inherit elementor-widget elementor-widget-image\" data-id=\"2964ba36\" data-element_type=\"widget\" data-e-type=\"widget\" data-widget_type=\"image.default\">\n\t\t\t\t<div class=\"elementor-widget-container\">\n\t\t\t\t\t\t\t\t\t\t\t\t\t\t\t<img fetchpriority=\"high\" decoding=\"async\" width=\"683\" height=\"1024\" src=\"https:\/\/lobc.se\/wp-content\/uploads\/2024\/12\/0D6B9530-683x1024.jpg\" class=\"attachment-large size-large wp-image-3034\" alt=\"\" srcset=\"https:\/\/lobc.se\/wp-content\/uploads\/2024\/12\/0D6B9530-683x1024.jpg 683w, https:\/\/lobc.se\/wp-content\/uploads\/2024\/12\/0D6B9530-200x300.jpg 200w, https:\/\/lobc.se\/wp-content\/uploads\/2024\/12\/0D6B9530-768x1152.jpg 768w, https:\/\/lobc.se\/wp-content\/uploads\/2024\/12\/0D6B9530-1024x1536.jpg 1024w, https:\/\/lobc.se\/wp-content\/uploads\/2024\/12\/0D6B9530-1365x2048.jpg 1365w, https:\/\/lobc.se\/wp-content\/uploads\/2024\/12\/0D6B9530-scaled.jpg 1707w\" sizes=\"(max-width: 683px) 100vw, 683px\" \/>\t\t\t\t\t\t\t\t\t\t\t\t\t\t\t<\/div>\n\t\t\t\t<\/div>\n\t\t\t\t<\/div>\n\t\t<div class=\"elementor-element elementor-element-6601f0d2 e-con-full e-flex e-con e-parent\" data-id=\"6601f0d2\" data-element_type=\"container\" data-e-type=\"container\" data-settings=\"{&quot;background_background&quot;:&quot;classic&quot;}\">\n\t\t<div class=\"elementor-element elementor-element-4a9712d3 e-con-full e-flex e-con e-child\" data-id=\"4a9712d3\" data-element_type=\"container\" data-e-type=\"container\">\n\t\t\t\t<div class=\"elementor-element elementor-element-2f8379af elementor-widget elementor-widget-heading\" data-id=\"2f8379af\" data-element_type=\"widget\" data-e-type=\"widget\" data-widget_type=\"heading.default\">\n\t\t\t\t<div class=\"elementor-widget-container\">\n\t\t\t\t\t<p class=\"elementor-heading-title elementor-size-default\">Together<\/p>\t\t\t\t<\/div>\n\t\t\t\t<\/div>\n\t\t\t\t<div class=\"elementor-element elementor-element-7341d8cb elementor-widget elementor-widget-heading\" data-id=\"7341d8cb\" data-element_type=\"widget\" data-e-type=\"widget\" data-widget_type=\"heading.default\">\n\t\t\t\t<div class=\"elementor-widget-container\">\n\t\t\t\t\t<h1 class=\"elementor-heading-title elementor-size-default\">Prayer &amp; Fellowship<\/h1>\t\t\t\t<\/div>\n\t\t\t\t<\/div>\n\t\t\t\t<div class=\"elementor-element elementor-element-3e522d69 elementor-widget elementor-widget-text-editor\" data-id=\"3e522d69\" data-element_type=\"widget\" data-e-type=\"widget\" data-widget_type=\"text-editor.default\">\n\t\t\t\t<div class=\"elementor-widget-container\">\n\t\t\t\t\t\t\t\t\t<p>At the beginning of the year, you will be assigned to a prayer group that meets once a week for prayer and fellowship. This creates a safe environment where you can support one another, ask questions, and engage in meaningful conversations. A broader sense of community also exists, with activities such as barbecues, movie nights, and competition days. And let\u2019s not forget the coffee breaks in our cozy caf\u00e9, where you\u2019ll have the opportunity to get to know both teachers and students from all sorts of places and countries \u2013 from Lapland to Mexico.<\/p>\t\t\t\t\t\t\t\t<\/div>\n\t\t\t\t<\/div>\n\t\t\t\t<\/div>\n\t\t\t\t<div class=\"elementor-element elementor-element-44af533a elementor-widget__width-initial elementor-widget-tablet__width-inherit elementor-widget elementor-widget-image\" data-id=\"44af533a\" data-element_type=\"widget\" data-e-type=\"widget\" data-widget_type=\"image.default\">\n\t\t\t\t<div class=\"elementor-widget-container\">\n\t\t\t\t\t\t\t\t\t\t\t\t\t\t\t<img decoding=\"async\" width=\"683\" height=\"1024\" src=\"https:\/\/lobc.se\/wp-content\/uploads\/2024\/12\/WS3A2698-683x1024.jpg\" class=\"attachment-large size-large wp-image-3060\" alt=\"\" srcset=\"https:\/\/lobc.se\/wp-content\/uploads\/2024\/12\/WS3A2698-683x1024.jpg 683w, https:\/\/lobc.se\/wp-content\/uploads\/2024\/12\/WS3A2698-200x300.jpg 200w, https:\/\/lobc.se\/wp-content\/uploads\/2024\/12\/WS3A2698-768x1152.jpg 768w, https:\/\/lobc.se\/wp-content\/uploads\/2024\/12\/WS3A2698-1024x1536.jpg 1024w, https:\/\/lobc.se\/wp-content\/uploads\/2024\/12\/WS3A2698.jpg 1365w\" sizes=\"(max-width: 683px) 100vw, 683px\" \/>\t\t\t\t\t\t\t\t\t\t\t\t\t\t\t<\/div>\n\t\t\t\t<\/div>\n\t\t\t\t<\/div>\n\t\t<div class=\"elementor-element elementor-element-6e2318ed e-con-full e-flex e-con e-parent\" data-id=\"6e2318ed\" data-element_type=\"container\" data-e-type=\"container\" data-settings=\"{&quot;background_background&quot;:&quot;classic&quot;}\">\n\t\t<div class=\"elementor-element elementor-element-20c8932e e-con-full e-flex e-con e-child\" data-id=\"20c8932e\" data-element_type=\"container\" data-e-type=\"container\">\n\t\t\t\t<div class=\"elementor-element elementor-element-26d8ebf3 elementor-widget elementor-widget-heading\" data-id=\"26d8ebf3\" data-element_type=\"widget\" data-e-type=\"widget\" data-widget_type=\"heading.default\">\n\t\t\t\t<div class=\"elementor-widget-container\">\n\t\t\t\t\t<p class=\"elementor-heading-title elementor-size-default\">Highlights<\/p>\t\t\t\t<\/div>\n\t\t\t\t<\/div>\n\t\t\t\t<div class=\"elementor-element elementor-element-170f1099 elementor-widget elementor-widget-heading\" data-id=\"170f1099\" data-element_type=\"widget\" data-e-type=\"widget\" data-widget_type=\"heading.default\">\n\t\t\t\t<div class=\"elementor-widget-container\">\n\t\t\t\t\t<h1 class=\"elementor-heading-title elementor-size-default\">Mission<\/h1>\t\t\t\t<\/div>\n\t\t\t\t<\/div>\n\t\t\t\t<div class=\"elementor-element elementor-element-34157f1e elementor-widget elementor-widget-text-editor\" data-id=\"34157f1e\" data-element_type=\"widget\" data-e-type=\"widget\" data-widget_type=\"text-editor.default\">\n\t\t\t\t<div class=\"elementor-widget-container\">\n\t\t\t\t\t\t\t\t\t<p>There are several highlights during the Bible school, and the mission trip is one of them. You will have the opportunity to experience a ten-day mission trip to a country in Europe during your first year. If you choose to continue for another year, there are additional mission trips available, both within Scandinavia and to other countries around the world.<\/p>\t\t\t\t\t\t\t\t<\/div>\n\t\t\t\t<\/div>\n\t\t\t\t<\/div>\n\t\t\t\t<div class=\"elementor-element elementor-element-19fed811 elementor-widget__width-initial elementor-widget-tablet__width-inherit elementor-widget elementor-widget-image\" data-id=\"19fed811\" data-element_type=\"widget\" data-e-type=\"widget\" data-widget_type=\"image.default\">\n\t\t\t\t<div class=\"elementor-widget-container\">\n\t\t\t\t\t\t\t\t\t\t\t\t\t\t\t<img decoding=\"async\" width=\"768\" height=\"1024\" src=\"https:\/\/lobc.se\/wp-content\/uploads\/2024\/12\/IMG_6551-768x1024.jpg\" class=\"attachment-large size-large wp-image-3054\" alt=\"\" srcset=\"https:\/\/lobc.se\/wp-content\/uploads\/2024\/12\/IMG_6551-768x1024.jpg 768w, https:\/\/lobc.se\/wp-content\/uploads\/2024\/12\/IMG_6551-225x300.jpg 225w, https:\/\/lobc.se\/wp-content\/uploads\/2024\/12\/IMG_6551-1152x1536.jpg 1152w, https:\/\/lobc.se\/wp-content\/uploads\/2024\/12\/IMG_6551-1536x2048.jpg 1536w, https:\/\/lobc.se\/wp-content\/uploads\/2024\/12\/IMG_6551-scaled.jpg 1920w\" sizes=\"(max-width: 768px) 100vw, 768px\" \/>\t\t\t\t\t\t\t\t\t\t\t\t\t\t\t<\/div>\n\t\t\t\t<\/div>\n\t\t\t\t<\/div>\n\t\t<div class=\"elementor-element elementor-element-7ac7aecf e-con-full e-flex e-con e-parent\" data-id=\"7ac7aecf\" data-element_type=\"container\" data-e-type=\"container\" data-settings=\"{&quot;background_background&quot;:&quot;classic&quot;}\">\n\t\t<div class=\"elementor-element elementor-element-7831ce2d e-con-full e-flex e-con e-child\" data-id=\"7831ce2d\" data-element_type=\"container\" data-e-type=\"container\">\n\t\t\t\t<div class=\"elementor-element elementor-element-43d277c7 elementor-widget elementor-widget-heading\" data-id=\"43d277c7\" data-element_type=\"widget\" data-e-type=\"widget\" data-widget_type=\"heading.default\">\n\t\t\t\t<div class=\"elementor-widget-container\">\n\t\t\t\t\t<p class=\"elementor-heading-title elementor-size-default\">Livets Ord<\/p>\t\t\t\t<\/div>\n\t\t\t\t<\/div>\n\t\t\t\t<div class=\"elementor-element elementor-element-5be810d elementor-widget elementor-widget-heading\" data-id=\"5be810d\" data-element_type=\"widget\" data-e-type=\"widget\" data-widget_type=\"heading.default\">\n\t\t\t\t<div class=\"elementor-widget-container\">\n\t\t\t\t\t<h1 class=\"elementor-heading-title elementor-size-default\">Live in the Heart of the Church<\/h1>\t\t\t\t<\/div>\n\t\t\t\t<\/div>\n\t\t\t\t<div class=\"elementor-element elementor-element-21384b69 elementor-widget elementor-widget-text-editor\" data-id=\"21384b69\" data-element_type=\"widget\" data-e-type=\"widget\" data-widget_type=\"text-editor.default\">\n\t\t\t\t<div class=\"elementor-widget-container\">\n\t\t\t\t\t\t\t\t\t<p>LOBC is a Bible school planted in the heart of a vibrant church, and there are many opportunities to engage in different areas. Being part of a ministry team is the best way to become a part of the church and get to know people. At the same time you will grow in your gifts &#8211; or maybe learn something new!<\/p>\t\t\t\t\t\t\t\t<\/div>\n\t\t\t\t<\/div>\n\t\t\t\t<\/div>\n\t\t\t\t<div class=\"elementor-element elementor-element-3e49eeff elementor-widget__width-initial elementor-widget-tablet__width-inherit elementor-widget elementor-widget-image\" data-id=\"3e49eeff\" data-element_type=\"widget\" data-e-type=\"widget\" data-widget_type=\"image.default\">\n\t\t\t\t<div class=\"elementor-widget-container\">\n\t\t\t\t\t\t\t\t\t\t\t\t\t\t\t<img loading=\"lazy\" decoding=\"async\" width=\"691\" height=\"1024\" src=\"https:\/\/lobc.se\/wp-content\/uploads\/2024\/12\/0D6B9536-1-691x1024.jpg\" class=\"attachment-large size-large wp-image-3356\" alt=\"\" srcset=\"https:\/\/lobc.se\/wp-content\/uploads\/2024\/12\/0D6B9536-1-691x1024.jpg 691w, https:\/\/lobc.se\/wp-content\/uploads\/2024\/12\/0D6B9536-1-203x300.jpg 203w, https:\/\/lobc.se\/wp-content\/uploads\/2024\/12\/0D6B9536-1-768x1138.jpg 768w, https:\/\/lobc.se\/wp-content\/uploads\/2024\/12\/0D6B9536-1-1037x1536.jpg 1037w, https:\/\/lobc.se\/wp-content\/uploads\/2024\/12\/0D6B9536-1-1383x2048.jpg 1383w, https:\/\/lobc.se\/wp-content\/uploads\/2024\/12\/0D6B9536-1-scaled.jpg 1728w\" sizes=\"(max-width: 691px) 100vw, 691px\" \/>\t\t\t\t\t\t\t\t\t\t\t\t\t\t\t<\/div>\n\t\t\t\t<\/div>\n\t\t\t\t<\/div>\n\t\t<div class=\"elementor-element elementor-element-4bc54fa3 e-con-full e-flex e-con e-parent\" data-id=\"4bc54fa3\" data-element_type=\"container\" data-e-type=\"container\" data-settings=\"{&quot;background_background&quot;:&quot;classic&quot;}\">\n\t\t<div class=\"elementor-element elementor-element-224ef630 e-con-full e-flex e-con e-child\" data-id=\"224ef630\" data-element_type=\"container\" data-e-type=\"container\">\n\t\t\t\t<div class=\"elementor-element elementor-element-10d123ca elementor-widget elementor-widget-heading\" data-id=\"10d123ca\" data-element_type=\"widget\" data-e-type=\"widget\" data-widget_type=\"heading.default\">\n\t\t\t\t<div class=\"elementor-widget-container\">\n\t\t\t\t\t<p class=\"elementor-heading-title elementor-size-default\">Diploma\n\n<\/p>\t\t\t\t<\/div>\n\t\t\t\t<\/div>\n\t\t\t\t<div class=\"elementor-element elementor-element-16065f4 elementor-widget elementor-widget-heading\" data-id=\"16065f4\" data-element_type=\"widget\" data-e-type=\"widget\" data-widget_type=\"heading.default\">\n\t\t\t\t<div class=\"elementor-widget-container\">\n\t\t\t\t\t<h1 class=\"elementor-heading-title elementor-size-default\">Make the Most of Your Time at LOBC<\/h1>\t\t\t\t<\/div>\n\t\t\t\t<\/div>\n\t\t\t\t<div class=\"elementor-element elementor-element-463f5671 elementor-widget elementor-widget-text-editor\" data-id=\"463f5671\" data-element_type=\"widget\" data-e-type=\"widget\" data-widget_type=\"text-editor.default\">\n\t\t\t\t<div class=\"elementor-widget-container\">\n\t\t\t\t\t\t\t\t\t<p>To ensure you get the most out of your year at LOBC, we have mandatory attendance, which is registered every morning. There will also be a small exam at the end of each subject. To pass a subject, you must have sufficient attendance and pass the exam.<\/p>\n<p>At the end of the year, you will receive a diploma and a grade summary, which you can use when applying if you wish to continue to year two. Year two is also a so-called &#8220;Folkh\u00f6gskola&#8221; course in collaboration with Ume\u00e5 Folkh\u00f6gskola, making the studies eligible for student financial support(CSN). To help you dive deeper into the Word, you will also receive a Bible reading plan that you are expected to follow throughout the year.<\/p>\t\t\t\t\t\t\t\t<\/div>\n\t\t\t\t<\/div>\n\t\t\t\t<\/div>\n\t\t\t\t<div class=\"elementor-element elementor-element-23ff5628 elementor-widget__width-initial elementor-widget-tablet__width-inherit elementor-widget elementor-widget-image\" data-id=\"23ff5628\" data-element_type=\"widget\" data-e-type=\"widget\" data-widget_type=\"image.default\">\n\t\t\t\t<div class=\"elementor-widget-container\">\n\t\t\t\t\t\t\t\t\t\t\t\t\t\t\t<img loading=\"lazy\" decoding=\"async\" width=\"683\" height=\"1024\" src=\"https:\/\/lobc.se\/wp-content\/uploads\/2024\/12\/WS3A3020-683x1024.jpg\" class=\"attachment-large size-large wp-image-3050\" alt=\"\" srcset=\"https:\/\/lobc.se\/wp-content\/uploads\/2024\/12\/WS3A3020-683x1024.jpg 683w, https:\/\/lobc.se\/wp-content\/uploads\/2024\/12\/WS3A3020-200x300.jpg 200w, https:\/\/lobc.se\/wp-content\/uploads\/2024\/12\/WS3A3020-768x1152.jpg 768w, https:\/\/lobc.se\/wp-content\/uploads\/2024\/12\/WS3A3020-1024x1536.jpg 1024w, https:\/\/lobc.se\/wp-content\/uploads\/2024\/12\/WS3A3020.jpg 1365w\" sizes=\"(max-width: 683px) 100vw, 683px\" \/>\t\t\t\t\t\t\t\t\t\t\t\t\t\t\t<\/div>\n\t\t\t\t<\/div>\n\t\t\t\t<\/div>\n\t\t<div class=\"elementor-element elementor-element-6f0667ae e-con-full e-flex e-con e-parent\" data-id=\"6f0667ae\" data-element_type=\"container\" data-e-type=\"container\" data-settings=\"{&quot;background_background&quot;:&quot;gradient&quot;}\">\n\t\t<div class=\"elementor-element elementor-element-7c073b e-con-full e-flex e-con e-child\" data-id=\"7c073b\" data-element_type=\"container\" data-e-type=\"container\">\n\t\t\t\t<div class=\"elementor-element elementor-element-60e9dce3 elementor-widget elementor-widget-heading\" data-id=\"60e9dce3\" data-element_type=\"widget\" data-e-type=\"widget\" data-widget_type=\"heading.default\">\n\t\t\t\t<div class=\"elementor-widget-container\">\n\t\t\t\t\t<p class=\"elementor-heading-title elementor-size-default\">LOBC<\/p>\t\t\t\t<\/div>\n\t\t\t\t<\/div>\n\t\t\t\t<div class=\"elementor-element elementor-element-763d5663 elementor-widget elementor-widget-heading\" data-id=\"763d5663\" data-element_type=\"widget\" data-e-type=\"widget\" data-widget_type=\"heading.default\">\n\t\t\t\t<div class=\"elementor-widget-container\">\n\t\t\t\t\t<h2 class=\"elementor-heading-title elementor-size-default\">Ready to Take the Next Step?<\/h2>\t\t\t\t<\/div>\n\t\t\t\t<\/div>\n\t\t\t\t<div class=\"elementor-element elementor-element-69620eeb elementor-widget elementor-widget-text-editor\" data-id=\"69620eeb\" data-element_type=\"widget\" data-e-type=\"widget\" data-widget_type=\"text-editor.default\">\n\t\t\t\t<div class=\"elementor-widget-container\">\n\t\t\t\t\t\t\t\t\t<div class=\"flex-shrink-0 flex flex-col relative items-end\"><div><div class=\"pt-0\"><div class=\"gizmo-bot-avatar flex h-8 w-8 items-center justify-center overflow-hidden rounded-full\"><div class=\"relative p-1 rounded-sm flex items-center justify-center bg-token-main-surface-primary text-token-text-primary h-8 w-8\"><span style=\"font-family: -apple-system, BlinkMacSystemFont, 'Segoe UI', Roboto, 'Helvetica Neue', Arial, 'Noto Sans', sans-serif, 'Apple Color Emoji', 'Segoe UI Emoji', 'Segoe UI Symbol', 'Noto Color Emoji';\">Whoever you are, we believe that Livets Ord Bible Center is a school where you can grow in your relationship with God and in the gifts He has given you.<\/span><\/div><\/div><\/div><\/div><\/div><div class=\"group\/conversation-turn relative flex w-full min-w-0 flex-col agent-turn\"><div class=\"flex-col gap-1 md:gap-3\"><div class=\"flex max-w-full flex-col flex-grow\"><div class=\"min-h-8 text-message flex w-full flex-col items-end gap-2 whitespace-normal break-words text-start [.text-message+&amp;]:mt-5\" dir=\"auto\" data-message-author-role=\"assistant\" data-message-id=\"9aa215c5-8e19-4aa0-8c5a-88e43006373b\" data-message-model-slug=\"gpt-4o-mini\"><div class=\"flex w-full flex-col gap-1 empty:hidden first:pt-[3px]\"><div class=\"markdown prose w-full break-words dark:prose-invert dark\"><p>A warm welcome!<\/p><\/div><\/div><\/div><\/div><\/div><\/div>\t\t\t\t\t\t\t\t<\/div>\n\t\t\t\t<\/div>\n\t\t\t\t<div class=\"elementor-element elementor-element-2ab4f739 elementor-align-center elementor-mobile-align-center elementor-invisible elementor-widget elementor-widget-button\" data-id=\"2ab4f739\" data-element_type=\"widget\" data-e-type=\"widget\" data-settings=\"{&quot;_animation&quot;:&quot;fadeInUp&quot;}\" data-widget_type=\"button.default\">\n\t\t\t\t<div class=\"elementor-widget-container\">\n\t\t\t\t\t\t\t\t\t<div class=\"elementor-button-wrapper\">\n\t\t\t\t\t<a class=\"elementor-button elementor-button-link elementor-size-sm\" href=\"https:\/\/livetsord.churchcenter.com\/people\/forms\/1141175\" target=\"_blank\">\n\t\t\t\t\t\t<span class=\"elementor-button-content-wrapper\">\n\t\t\t\t\t\t\t\t\t<span class=\"elementor-button-text\">APPLY <\/span>\n\t\t\t\t\t<\/span>\n\t\t\t\t\t<\/a>\n\t\t\t\t<\/div>\n\t\t\t\t\t\t\t\t<\/div>\n\t\t\t\t<\/div>\n\t\t\t\t<\/div>\n\t\t\t\t<\/div>\n\t\t\t\t<\/div>\n\t\t","protected":false},"excerpt":{"rendered":"<p>Introduction This is Livets Ord Bible Center Livets Ord Bible Center is Scandinavia&#8217;s most popular Bible school, with over 10,000 graduated students. Here, Jesus is at the center, we preach the living Word of God, and we believe that the Holy Spirit wants to work through every believer. We believe that everything begins with prayer. [&hellip;]<\/p>\n","protected":false},"author":1,"featured_media":0,"parent":0,"menu_order":0,"comment_status":"closed","ping_status":"closed","template":"","meta":{"footnotes":""},"class_list":["post-2195","page","type-page","status-publish","hentry"],"_links":{"self":[{"href":"https:\/\/lobc.se\/en\/wp-json\/wp\/v2\/pages\/2195","targetHints":{"allow":["GET"]}}],"collection":[{"href":"https:\/\/lobc.se\/en\/wp-json\/wp\/v2\/pages"}],"about":[{"href":"https:\/\/lobc.se\/en\/wp-json\/wp\/v2\/types\/page"}],"author":[{"embeddable":true,"href":"https:\/\/lobc.se\/en\/wp-json\/wp\/v2\/users\/1"}],"replies":[{"embeddable":true,"href":"https:\/\/lobc.se\/en\/wp-json\/wp\/v2\/comments?post=2195"}],"version-history":[{"count":36,"href":"https:\/\/lobc.se\/en\/wp-json\/wp\/v2\/pages\/2195\/revisions"}],"predecessor-version":[{"id":5207,"href":"https:\/\/lobc.se\/en\/wp-json\/wp\/v2\/pages\/2195\/revisions\/5207"}],"wp:attachment":[{"href":"https:\/\/lobc.se\/en\/wp-json\/wp\/v2\/media?parent=2195"}],"curies":[{"name":"wp","href":"https:\/\/api.w.org\/{rel}","templated":true}]}}